{"id":2804,"date":"2022-08-19T12:25:03","date_gmt":"2022-08-19T11:25:03","guid":{"rendered":"https:\/\/www.sofakitty.de\/?page_id=2804"},"modified":"2025-09-03T14:06:34","modified_gmt":"2025-09-03T13:06:34","slug":"illustrationen","status":"publish","type":"page","link":"https:\/\/www.sofakitty.de\/portfolio\/illustrationen\/","title":{"rendered":"Illustrationen"},"content":{"rendered":"\n<p><\/p>\n\n\n\n<h2 class=\"wp-block-heading\" style=\"text-transform:none\">Digitale Illustrationen<\/h2>\n\n\n\n<p>Ich zeichne deine Rollenspielcharaktere, Fursonas, Maskottchen und Fantasyillustrationen. <\/p>\n\n\n\n<div style=\"height:100px\" aria-hidden=\"true\" class=\"wp-block-spacer\"><\/div>\n\n\n\n<h2 class=\"wp-block-heading has-text-align-center\" id=\"gemalde-und-zeichnungen-1\"><mark style=\"background-color:rgba(0, 0, 0, 0)\" class=\"has-inline-color has-luminous-vivid-amber-color\">Beispiele<\/mark><\/h2>\n\n\n\n<div style=\"height:50px\" aria-hidden=\"true\" class=\"wp-block-spacer\"><\/div>\n\n\n\n<div class=\"wp-block-columns is-layout-flex wp-container-core-columns-is-layout-28f84493 wp-block-columns-is-layout-flex\">\n<div class=\"wp-block-column is-layout-flow wp-block-column-is-layout-flow\">\n<h3 class=\"wp-block-heading\">Portrait<\/h3>\n\n\n\n<figure class=\"wp-block-image size-large is-resized\"><img loading=\"lazy\" decoding=\"async\" width=\"1919\" height=\"2560\" src=\"https:\/\/www.sofakitty.de\/wp-content\/uploads\/2025\/09\/Afrikanischer_Werhund-edited-scaled.jpg\" alt=\"\" class=\"wp-image-3129\" style=\"width:236px;height:auto\" srcset=\"https:\/\/www.sofakitty.de\/wp-content\/uploads\/2025\/09\/Afrikanischer_Werhund-edited-scaled.jpg 1919w, https:\/\/www.sofakitty.de\/wp-content\/uploads\/2025\/09\/Afrikanischer_Werhund-edited-225x300.jpg 225w, https:\/\/www.sofakitty.de\/wp-content\/uploads\/2025\/09\/Afrikanischer_Werhund-edited-768x1024.jpg 768w, https:\/\/www.sofakitty.de\/wp-content\/uploads\/2025\/09\/Afrikanischer_Werhund-edited-1151x1536.jpg 1151w, https:\/\/www.sofakitty.de\/wp-content\/uploads\/2025\/09\/Afrikanischer_Werhund-edited-1535x2048.jpg 1535w\" sizes=\"auto, (max-width: 1919px) 100vw, 1919px\" \/><\/figure>\n\n\n\n<p><\/p>\n<\/div>\n\n\n\n<div class=\"wp-block-column is-layout-flow wp-block-column-is-layout-flow\">\n<h3 class=\"wp-block-heading\">Half Body<\/h3>\n\n\n\n<figure class=\"wp-block-image size-large is-resized\"><img loading=\"lazy\" decoding=\"async\" width=\"1462\" height=\"1949\" src=\"https:\/\/www.sofakitty.de\/wp-content\/uploads\/2025\/09\/IMG_1002-edited.jpg\" alt=\"\" class=\"wp-image-3128\" style=\"width:236px;height:auto\" srcset=\"https:\/\/www.sofakitty.de\/wp-content\/uploads\/2025\/09\/IMG_1002-edited.jpg 1462w, https:\/\/www.sofakitty.de\/wp-content\/uploads\/2025\/09\/IMG_1002-edited-225x300.jpg 225w, https:\/\/www.sofakitty.de\/wp-content\/uploads\/2025\/09\/IMG_1002-edited-768x1024.jpg 768w, https:\/\/www.sofakitty.de\/wp-content\/uploads\/2025\/09\/IMG_1002-edited-1152x1536.jpg 1152w\" sizes=\"auto, (max-width: 1462px) 100vw, 1462px\" \/><\/figure>\n\n\n\n<p><\/p>\n<\/div>\n\n\n\n<div class=\"wp-block-column is-layout-flow wp-block-column-is-layout-flow\">\n<h3 class=\"wp-block-heading\">Full Body<\/h3>\n\n\n\n<figure class=\"wp-block-image size-large is-resized\"><img loading=\"lazy\" decoding=\"async\" width=\"1920\" height=\"2560\" src=\"https:\/\/www.sofakitty.de\/wp-content\/uploads\/2025\/09\/Rattling_Mage-by-Sofakitty-edited-scaled.jpg\" alt=\"\" class=\"wp-image-3127\" style=\"width:235px;height:auto\" srcset=\"https:\/\/www.sofakitty.de\/wp-content\/uploads\/2025\/09\/Rattling_Mage-by-Sofakitty-edited-scaled.jpg 1920w, https:\/\/www.sofakitty.de\/wp-content\/uploads\/2025\/09\/Rattling_Mage-by-Sofakitty-edited-225x300.jpg 225w, https:\/\/www.sofakitty.de\/wp-content\/uploads\/2025\/09\/Rattling_Mage-by-Sofakitty-edited-768x1024.jpg 768w, https:\/\/www.sofakitty.de\/wp-content\/uploads\/2025\/09\/Rattling_Mage-by-Sofakitty-edited-1152x1536.jpg 1152w, https:\/\/www.sofakitty.de\/wp-content\/uploads\/2025\/09\/Rattling_Mage-by-Sofakitty-edited-1536x2048.jpg 1536w\" sizes=\"auto, (max-width: 1920px) 100vw, 1920px\" \/><\/figure>\n\n\n\n<p><\/p>\n<\/div>\n<\/div>\n\n\n\n<p>Weitere Beispiele meiner Arbeiten findest du in meinem <a href=\"https:\/\/www.sofakitty.de\/portfolio\/\">Portfolio<\/a><\/p>\n\n\n\n<div style=\"height:100px\" aria-hidden=\"true\" class=\"wp-block-spacer\"><\/div>\n\n\n\n<h2 class=\"wp-block-heading has-text-align-center\" id=\"gemalde-und-zeichnungen-1\"><mark style=\"background-color:rgba(0, 0, 0, 0)\" class=\"has-inline-color has-luminous-vivid-amber-color\">Preise<\/mark><\/h2>\n\n\n\n<div style=\"height:20px\" aria-hidden=\"true\" class=\"wp-block-spacer\"><\/div>\n\n\n\n<figure class=\"wp-block-table\"><table><tbody><tr><td><\/td><td>Portraits<\/td><td>Half Body<\/td><td>Full Body<\/td><\/tr><tr><td>Outlines und Ausmalbilder<\/td><td>60\u20ac<\/td><td>70\u20ac<\/td><td>80\u20ac<\/td><\/tr><tr><td>Einfache Farben \/ Schattierung<\/td><td>90\u20ac<\/td><td>120\u20ac<\/td><td>150\u20ac<\/td><\/tr><tr><td>Rendering<\/td><td>120\u20ac<\/td><td>180\u20ac<\/td><td>250\u20ac<\/td><\/tr><\/tbody><\/table><\/figure>\n\n\n\n<p>+50% je zus\u00e4tzlicher Charakter<\/p>\n\n\n\n<p>+ f\u00fcr komplexe Details oder Hintergr\u00fcnde<\/p>\n\n\n\n<p>-25% Schwarz\/Wei\u00df (Schattierung und Renderin)<\/p>\n\n\n\n<p><\/p>\n\n\n\n<p>Die Preise gelten f\u00fcr den <strong>Privatgebrauch<\/strong>. Erlaubt ist das Posten auf Social Media mit Namensnennung.<br>Preise f\u00fcr Lizenzen (T-Shirts, Tassen und Merch), Nutzungrechte und Auftr\u00e4ge f\u00fcr kommerzielle Zwecke gibt es individuell auf Anfrage per Email.<\/p>\n\n\n\n<p><\/p>\n\n\n\n<div class=\"wp-block-button aligncenter is-style-fill\"><a class=\"wp-block-button__link has-very-dark-gray-color has-very-light-gray-background-color has-text-color has-background\" href=\"mailto:daniela@sofakitty.de\" style=\"border-radius:5px\" rel=\"mailto:daniela@sofakitty.de\">\u2709 Schreib&#8216; mir eine E-Mail!<\/a><\/div>\n\n\n\n<div style=\"height:100px\" aria-hidden=\"true\" class=\"wp-block-spacer\"><\/div>\n\n\n\n<h2 class=\"wp-block-heading has-text-align-center\" id=\"gemalde-und-zeichnungen-1\"><mark style=\"background-color:rgba(0, 0, 0, 0)\" class=\"has-inline-color has-luminous-vivid-amber-color\">Ablauf<\/mark><\/h2>\n\n\n\n<div style=\"height:30px\" aria-hidden=\"true\" class=\"wp-block-spacer\"><\/div>\n\n\n\n<h4 class=\"wp-block-heading\"><strong>Anfrage<\/strong><\/h4>\n\n\n\n<p>Schreibe mir per <a href=\"https:\/\/www.sofakitty.de\/kontakt\/\">Email<\/a> oder Nachricht \u00fcber meine Social Media Kan\u00e4le. <br>Je genauer du beschreiben kannst, was du dir vorstellst (vielleicht auch mit Vorlagen), umso besser wird die Umsetzung. <\/p>\n\n\n\n<p>Wof\u00fcr wirst du das Bild verwenden? Welche Gr\u00f6\u00dfe soll es haben? M\u00f6chtest du es eventuell auch auf T-Shirts, Tassen oder anderen Merch drucken lassen?<\/p>\n\n\n\n<p><\/p>\n\n\n\n<h4 class=\"wp-block-heading\"><strong>Bezahlung<\/strong><\/h4>\n\n\n\n<p>Nach der Best\u00e4tigung des Auftrags bitte ich um eine Anzahlung per Vorkasse via PayPal oder \u00dcberweisung. Bei gr\u00f6\u00dferen Auftr\u00e4gen k\u00f6nnen wir auch \u00fcber eine Ratenzahlung sprechen.<br>Sobald das Geld bei mir ist, best\u00e4tige ich dir deinen Auftrag mit einer ungef\u00e4hren Angabe, wann ich damit beginnen kann. <br>Eine Erstattung der Anzahlung ist nicht mehr m\u00f6glich, da ich dir damit einen Zeitslot sichere und eventuell andere Auftr\u00e4ge ablehnen muss. <\/p>\n\n\n\n<p><\/p>\n\n\n\n<h4 class=\"wp-block-heading\"><strong>Zwischenschritt und \u00c4nderungen<\/strong><\/h4>\n\n\n\n<p>Du bekommst nach jeder Phase die Zwischenschritte von mir zur Best\u00e4tigung und es k\u00f6nnen noch kleine \u00c4nderungen (max. 2 Korrekturdurchl\u00e4ufe) vorgenommen werden.<br>Gr\u00f6\u00dfere oder sp\u00e4tere \u00c4nderungen sind dann nur noch mit Aufpreis m\u00f6glich.<\/p>\n\n\n\n<p><\/p>\n\n\n\n<h4 class=\"wp-block-heading\"><strong>Skizze<\/strong><\/h4>\n\n\n\n<p>Je nach Komplexit\u00e4t des Bildes erstelle ich eine oder mehrere Skizzen. \u00c4nderungen k\u00f6nnen in kleinem Umfang bis zu zwei Mal vorgenommen werden.<br>Ist die finale Skizze fertig und best\u00e4tigt, fange ich mit den Outlines an.<\/p>\n\n\n\n<p>An dieser Stelle wird der Restbetrag f\u00e4llig und ich konzentriere mich voll und ganz auf deinen Auftrag.<\/p>\n\n\n\n<p><\/p>\n\n\n\n<h4 class=\"wp-block-heading\"><strong>Outlines <\/strong><\/h4>\n\n\n\n<p>Bei den Outlines (Reinzeichnung) sind \u00c4nderungen der Details nur noch gegen Aufpreis m\u00f6glich, da ich wieder im Prozess zur\u00fcck gehen und mit den \u00c4nderungen bei der Skizze anfangen muss.<\/p>\n\n\n\n<p><\/p>\n\n\n\n<h4 class=\"wp-block-heading\"><strong>Einfache Farbe<\/strong><\/h4>\n\n\n\n<p>Nach deinen Vorgaben und W\u00fcnschen legen wir eine Farbpalette fest und ich f\u00e4rbe die Details im Motiv ein. Kleinere Farbanpassungen sind bis zu zwei Mal m\u00f6glich.<\/p>\n\n\n\n<p><\/p>\n\n\n\n<h4 class=\"wp-block-heading\"><strong>Rendering<\/strong><\/h4>\n\n\n\n<p>Alle Details werden ausgearbeitet. \u00c4nderungen sind nur noch in sehr begrenztem Rahmen oder gegen Aufpreis m\u00f6glich.<\/p>\n\n\n\n<p><\/p>\n\n\n\n<h4 class=\"wp-block-heading\"><strong>Abschluss<\/strong><\/h4>\n\n\n\n<p>Die fertige Grafik bekommst du in der von dir gew\u00fcnschten Gr\u00f6\u00dfe und dem Dateiformaten zugeschickt. Die Originaldatei mit allen Ebenen kannst du gegen einen Aufpreis erwerben.<br><br>Wenn nicht anders vereinbart, kannst du die Grafiken f\u00fcr private Zwecke nutzen und mit Namensnennung auf deinen Social Media Kan\u00e4len oder privaten Websites ver\u00f6ffentlichen.<\/p>\n\n\n\n<p>M\u00f6chtest du die Illustrationen auch kommerziell nutzen (Drucke, Merchandise, Werbung, us.w.) kommen noch Lizenzgeb\u00fchren dazu. <br>Weitere Infos, was Nutzungsrechte sind, findest und auf der Seite der <a href=\"https:\/\/illustratoren-organisation.de\/fuer-mitglieder\/rechte-kennen\/#nutzungsrecht\">Illustratoren Organisation<\/a>. <\/p>\n\n\n\n<p>Gerne berate ich dich hierzu auch.<\/p>\n\n\n\n<p><\/p>\n\n\n\n<h3 class=\"wp-block-heading\"><strong>Hinweise<\/strong><\/h3>\n\n\n\n<p>Ich streame meine Arbeit auf <a href=\"http:\/\/www.twitch.tv\/sofakitty\">Twitch.tv<\/a> und du kannst mir dabei zusehen. Gern k\u00f6nnen wir einen Termin ausmachen, damit du auch dabei sein kannst. <br>Falls du nicht m\u00f6chtest, dass dein Bild \u00f6ffentlich gezeigt wird, teile mir das bei der Auftragserteilung umgehend mit.<\/p>\n\n\n\n<p>Au\u00dferdem nutze ich die von mir erstellten Werke zum Zweck der Eigenwerbung auf meinen Websites, Social Media Kan\u00e4len und ggf. in Portfolios. <br>Teile mir daher mit deinem Auftrag mit, ob ich deinen <strong>Namen <\/strong>und <strong>Social Media-Kanal<\/strong> nennen und verlinken darf. Ohne weitere Vereinbarung ver\u00f6ffentliche ich die Werke ohne Namen.<\/p>\n\n\n\n<p><\/p>\n\n\n\n<p>Wenn du noch Fragen hast, schreibe mir gern einfach eine Email<\/p>\n\n\n\n<div class=\"wp-block-button aligncenter is-style-fill\"><a class=\"wp-block-button__link has-very-dark-gray-color has-very-light-gray-background-color has-text-color has-background\" href=\"mailto:daniela@sofakitty.de\" style=\"border-radius:5px\" rel=\"mailto:daniela@sofakitty.de\">\u2709 Schreib&#8216; mir eine E-Mail!<\/a><\/div>\n\n\n\n<p><\/p>\n<div class=\"shariff shariff-align-flex-start shariff-widget-align-flex-start\" style=\"display:none\" data-services=\"facebook%7Cpinterest\" data-url=\"https%3A%2F%2Fwww.sofakitty.de%2Fportfolio%2Fillustrationen%2F\" data-timestamp=\"1756908394\" data-hidezero=\"1\" data-backendurl=\"https:\/\/www.sofakitty.de\/portfolio\/wp-json\/shariff\/v1\/share_counts?\"><ul class=\"shariff-buttons theme-white orientation-horizontal buttonsize-medium\"><li class=\"shariff-button facebook shariff-nocustomcolor\" style=\"background-color:#4273c8\"><a href=\"https:\/\/www.facebook.com\/sharer\/sharer.php?u=https%3A%2F%2Fwww.sofakitty.de%2Fportfolio%2Fillustrationen%2F\" title=\"Bei Facebook teilen\" aria-label=\"Bei Facebook teilen\" role=\"button\" rel=\"nofollow\" class=\"shariff-link\" style=\"; background-color:#3b5998; color:#3b5998\" target=\"_blank\"><span class=\"shariff-icon\" style=\"fill:#3b5998\"><svg width=\"32px\" height=\"20px\" xmlns=\"http:\/\/www.w3.org\/2000\/svg\" viewBox=\"0 0 18 32\"><path fill=\"#3b5998\" d=\"M17.1 0.2v4.7h-2.8q-1.5 0-2.1 0.6t-0.5 1.9v3.4h5.2l-0.7 5.3h-4.5v13.6h-5.5v-13.6h-4.5v-5.3h4.5v-3.9q0-3.3 1.9-5.2t5-1.8q2.6 0 4.1 0.2z\"\/><\/svg><\/span><span class=\"shariff-text\" style=\"color:#3b5998\">teilen<\/span>&nbsp;<span data-service=\"facebook\" style=\"color:#3b5998\" class=\"shariff-count shariff-hidezero\"><\/span>&nbsp;<\/a><\/li><li class=\"shariff-button pinterest shariff-nocustomcolor\" style=\"background-color:#e70f18\"><a href=\"https:\/\/www.pinterest.com\/pin\/create\/link\/?url=https%3A%2F%2Fwww.sofakitty.de%2Fportfolio%2Fillustrationen%2F&media=https%3A%2F%2Fwww.sofakitty.de%2Fwp-content%2Fuploads%2F2025%2F09%2FAfrikanischer_Werhund-edited-scaled.jpg&description=Illustrationen\" title=\"Bei Pinterest pinnen\" aria-label=\"Bei Pinterest pinnen\" role=\"button\" rel=\"noopener nofollow\" class=\"shariff-link\" style=\"; background-color:#cb2027; color:#cb2027\" target=\"_blank\"><span class=\"shariff-icon\" style=\"fill:#cb2027\"><svg width=\"32px\" height=\"20px\" xmlns=\"http:\/\/www.w3.org\/2000\/svg\" viewBox=\"0 0 27 32\"><path fill=\"#cb2027\" d=\"M27.4 16q0 3.7-1.8 6.9t-5 5-6.9 1.9q-2 0-3.9-0.6 1.1-1.7 1.4-2.9 0.2-0.6 1-3.8 0.4 0.7 1.3 1.2t2 0.5q2.1 0 3.8-1.2t2.7-3.4 0.9-4.8q0-2-1.1-3.8t-3.1-2.9-4.5-1.2q-1.9 0-3.5 0.5t-2.8 1.4-2 2-1.2 2.3-0.4 2.4q0 1.9 0.7 3.3t2.1 2q0.5 0.2 0.7-0.4 0-0.1 0.1-0.5t0.2-0.5q0.1-0.4-0.2-0.8-0.9-1.1-0.9-2.7 0-2.7 1.9-4.6t4.9-2q2.7 0 4.2 1.5t1.5 3.8q0 3-1.2 5.2t-3.1 2.1q-1.1 0-1.7-0.8t-0.4-1.9q0.1-0.6 0.5-1.7t0.5-1.8 0.2-1.4q0-0.9-0.5-1.5t-1.4-0.6q-1.1 0-1.9 1t-0.8 2.6q0 1.3 0.4 2.2l-1.8 7.5q-0.3 1.2-0.2 3.2-3.7-1.6-6-5t-2.3-7.6q0-3.7 1.9-6.9t5-5 6.9-1.9 6.9 1.9 5 5 1.8 6.9z\"\/><\/svg><\/span><span class=\"shariff-text\" style=\"color:#cb2027\">merken<\/span>&nbsp;<span data-service=\"pinterest\" style=\"color:#cb2027\" class=\"shariff-count shariff-hidezero\"><\/span>&nbsp;<\/a><\/li><li class=\"shariff-button whatsapp shariff-nocustomcolor\" style=\"background-color:#5cbe4a\"><a href=\"https:\/\/api.whatsapp.com\/send?text=https%3A%2F%2Fwww.sofakitty.de%2Fportfolio%2Fillustrationen%2F%20Illustrationen\" title=\"Bei Whatsapp teilen\" aria-label=\"Bei Whatsapp teilen\" role=\"button\" rel=\"noopener nofollow\" class=\"shariff-link\" style=\"; background-color:#34af23; color:#34af23\" target=\"_blank\"><span class=\"shariff-icon\" style=\"fill:#34af23\"><svg width=\"32px\" height=\"20px\" xmlns=\"http:\/\/www.w3.org\/2000\/svg\" viewBox=\"0 0 32 32\"><path fill=\"#34af23\" d=\"M17.6 17.4q0.2 0 1.7 0.8t1.6 0.9q0 0.1 0 0.3 0 0.6-0.3 1.4-0.3 0.7-1.3 1.2t-1.8 0.5q-1 0-3.4-1.1-1.7-0.8-3-2.1t-2.6-3.3q-1.3-1.9-1.3-3.5v-0.1q0.1-1.6 1.3-2.8 0.4-0.4 0.9-0.4 0.1 0 0.3 0t0.3 0q0.3 0 0.5 0.1t0.3 0.5q0.1 0.4 0.6 1.6t0.4 1.3q0 0.4-0.6 1t-0.6 0.8q0 0.1 0.1 0.3 0.6 1.3 1.8 2.4 1 0.9 2.7 1.8 0.2 0.1 0.4 0.1 0.3 0 1-0.9t0.9-0.9zM14 26.9q2.3 0 4.3-0.9t3.6-2.4 2.4-3.6 0.9-4.3-0.9-4.3-2.4-3.6-3.6-2.4-4.3-0.9-4.3 0.9-3.6 2.4-2.4 3.6-0.9 4.3q0 3.6 2.1 6.6l-1.4 4.2 4.3-1.4q2.8 1.9 6.2 1.9zM14 2.2q2.7 0 5.2 1.1t4.3 2.9 2.9 4.3 1.1 5.2-1.1 5.2-2.9 4.3-4.3 2.9-5.2 1.1q-3.5 0-6.5-1.7l-7.4 2.4 2.4-7.2q-1.9-3.2-1.9-6.9 0-2.7 1.1-5.2t2.9-4.3 4.3-2.9 5.2-1.1z\"\/><\/svg><\/span><span class=\"shariff-text\" style=\"color:#34af23\">teilen<\/span>&nbsp;<\/a><\/li><li class=\"shariff-button info shariff-nocustomcolor\" style=\"background-color:#a8a8a8\"><a href=\"http:\/\/ct.de\/-2467514\" title=\"Weitere Informationen\" aria-label=\"Weitere Informationen\" role=\"button\" rel=\"noopener \" class=\"shariff-link\" style=\"; background-color:#999; color:#999\" target=\"_blank\"><span class=\"shariff-icon\" style=\"fill:#999\"><svg width=\"32px\" height=\"20px\" xmlns=\"http:\/\/www.w3.org\/2000\/svg\" viewBox=\"0 0 11 32\"><path fill=\"#999\" d=\"M11.4 24v2.3q0 0.5-0.3 0.8t-0.8 0.4h-9.1q-0.5 0-0.8-0.4t-0.4-0.8v-2.3q0-0.5 0.4-0.8t0.8-0.4h1.1v-6.8h-1.1q-0.5 0-0.8-0.4t-0.4-0.8v-2.3q0-0.5 0.4-0.8t0.8-0.4h6.8q0.5 0 0.8 0.4t0.4 0.8v10.3h1.1q0.5 0 0.8 0.4t0.3 0.8zM9.2 3.4v3.4q0 0.5-0.4 0.8t-0.8 0.4h-4.6q-0.4 0-0.8-0.4t-0.4-0.8v-3.4q0-0.4 0.4-0.8t0.8-0.4h4.6q0.5 0 0.8 0.4t0.4 0.8z\"\/><\/svg><\/span><\/a><\/li><\/ul><\/div>","protected":false},"excerpt":{"rendered":"<p>Digitale Illustrationen Ich zeichne deine Rollenspielcharaktere, Fursonas, Maskottchen und Fantasyillustrationen. Beispiele Portrait Half Body Full Body Weitere Beispiele meiner Arbeiten findest du in meinem Portfolio Preise Portraits Half Body Full Body Outlines und Ausmalbilder 60\u20ac 70\u20ac 80\u20ac Einfache Farben \/ Schattierung 90\u20ac 120\u20ac 150\u20ac Rendering 120\u20ac 180\u20ac 250\u20ac +50% je zus\u00e4tzlicher Charakter + f\u00fcr komplexe [&hellip;]<\/p>\n","protected":false},"author":2,"featured_media":0,"parent":0,"menu_order":0,"comment_status":"closed","ping_status":"closed","template":"","meta":{"footnotes":""},"class_list":["post-2804","page","type-page","status-publish","hentry"],"yoast_head":"<!-- This site is optimized with the Yoast SEO plugin v27.3 - https:\/\/yoast.com\/product\/yoast-seo-wordpress\/ -->\n<title>Illustrationen - Sofakitty<\/title>\n<meta name=\"robots\" content=\"index, follow, max-snippet:-1, max-image-preview:large, max-video-preview:-1\" \/>\n<link rel=\"canonical\" href=\"https:\/\/www.sofakitty.de\/portfolio\/illustrationen\/\" \/>\n<meta property=\"og:locale\" content=\"de_DE\" \/>\n<meta property=\"og:type\" content=\"article\" \/>\n<meta property=\"og:title\" content=\"Illustrationen - Sofakitty\" \/>\n<meta property=\"og:description\" content=\"Digitale Illustrationen Ich zeichne deine Rollenspielcharaktere, Fursonas, Maskottchen und Fantasyillustrationen. Beispiele Portrait Half Body Full Body Weitere Beispiele meiner Arbeiten findest du in meinem Portfolio Preise Portraits Half Body Full Body Outlines und Ausmalbilder 60\u20ac 70\u20ac 80\u20ac Einfache Farben \/ Schattierung 90\u20ac 120\u20ac 150\u20ac Rendering 120\u20ac 180\u20ac 250\u20ac +50% je zus\u00e4tzlicher Charakter + f\u00fcr komplexe [&hellip;]\" \/>\n<meta property=\"og:url\" content=\"https:\/\/www.sofakitty.de\/portfolio\/illustrationen\/\" \/>\n<meta property=\"og:site_name\" content=\"Sofakitty\" \/>\n<meta property=\"article:modified_time\" content=\"2025-09-03T13:06:34+00:00\" \/>\n<meta property=\"og:image\" content=\"https:\/\/www.sofakitty.de\/wp-content\/uploads\/2025\/09\/Afrikanischer_Werhund-edited-scaled.jpg\" \/>\n\t<meta property=\"og:image:width\" content=\"1919\" \/>\n\t<meta property=\"og:image:height\" content=\"2560\" \/>\n\t<meta property=\"og:image:type\" content=\"image\/jpeg\" \/>\n<meta name=\"twitter:card\" content=\"summary_large_image\" \/>\n<meta name=\"twitter:label1\" content=\"Gesch\u00e4tzte Lesezeit\" \/>\n\t<meta name=\"twitter:data1\" content=\"4\u00a0Minuten\" \/>\n<script type=\"application\/ld+json\" class=\"yoast-schema-graph\">{\"@context\":\"https:\\\/\\\/schema.org\",\"@graph\":[{\"@type\":\"WebPage\",\"@id\":\"https:\\\/\\\/www.sofakitty.de\\\/portfolio\\\/illustrationen\\\/\",\"url\":\"https:\\\/\\\/www.sofakitty.de\\\/portfolio\\\/illustrationen\\\/\",\"name\":\"Illustrationen - Sofakitty\",\"isPartOf\":{\"@id\":\"https:\\\/\\\/www.sofakitty.de\\\/portfolio\\\/#website\"},\"primaryImageOfPage\":{\"@id\":\"https:\\\/\\\/www.sofakitty.de\\\/portfolio\\\/illustrationen\\\/#primaryimage\"},\"image\":{\"@id\":\"https:\\\/\\\/www.sofakitty.de\\\/portfolio\\\/illustrationen\\\/#primaryimage\"},\"thumbnailUrl\":\"https:\\\/\\\/www.sofakitty.de\\\/wp-content\\\/uploads\\\/2025\\\/09\\\/Afrikanischer_Werhund-edited-scaled.jpg\",\"datePublished\":\"2022-08-19T11:25:03+00:00\",\"dateModified\":\"2025-09-03T13:06:34+00:00\",\"breadcrumb\":{\"@id\":\"https:\\\/\\\/www.sofakitty.de\\\/portfolio\\\/illustrationen\\\/#breadcrumb\"},\"inLanguage\":\"de\",\"potentialAction\":[{\"@type\":\"ReadAction\",\"target\":[\"https:\\\/\\\/www.sofakitty.de\\\/portfolio\\\/illustrationen\\\/\"]}]},{\"@type\":\"ImageObject\",\"inLanguage\":\"de\",\"@id\":\"https:\\\/\\\/www.sofakitty.de\\\/portfolio\\\/illustrationen\\\/#primaryimage\",\"url\":\"https:\\\/\\\/www.sofakitty.de\\\/wp-content\\\/uploads\\\/2025\\\/09\\\/Afrikanischer_Werhund-edited-scaled.jpg\",\"contentUrl\":\"https:\\\/\\\/www.sofakitty.de\\\/wp-content\\\/uploads\\\/2025\\\/09\\\/Afrikanischer_Werhund-edited-scaled.jpg\"},{\"@type\":\"BreadcrumbList\",\"@id\":\"https:\\\/\\\/www.sofakitty.de\\\/portfolio\\\/illustrationen\\\/#breadcrumb\",\"itemListElement\":[{\"@type\":\"ListItem\",\"position\":1,\"name\":\"Startseite\",\"item\":\"https:\\\/\\\/www.sofakitty.de\\\/portfolio\\\/\"},{\"@type\":\"ListItem\",\"position\":2,\"name\":\"Illustrationen\"}]},{\"@type\":\"WebSite\",\"@id\":\"https:\\\/\\\/www.sofakitty.de\\\/portfolio\\\/#website\",\"url\":\"https:\\\/\\\/www.sofakitty.de\\\/portfolio\\\/\",\"name\":\"Sofakitty Tierportraits\",\"description\":\"Freelance Illustrator and Animal Artist\",\"publisher\":{\"@id\":\"https:\\\/\\\/www.sofakitty.de\\\/portfolio\\\/#\\\/schema\\\/person\\\/5bd2a0a188a29fdc79d37cb2adaedbe4\"},\"potentialAction\":[{\"@type\":\"SearchAction\",\"target\":{\"@type\":\"EntryPoint\",\"urlTemplate\":\"https:\\\/\\\/www.sofakitty.de\\\/portfolio\\\/?s={search_term_string}\"},\"query-input\":{\"@type\":\"PropertyValueSpecification\",\"valueRequired\":true,\"valueName\":\"search_term_string\"}}],\"inLanguage\":\"de\"},{\"@type\":[\"Person\",\"Organization\"],\"@id\":\"https:\\\/\\\/www.sofakitty.de\\\/portfolio\\\/#\\\/schema\\\/person\\\/5bd2a0a188a29fdc79d37cb2adaedbe4\",\"name\":\"Sofakitty\",\"image\":{\"@type\":\"ImageObject\",\"inLanguage\":\"de\",\"@id\":\"https:\\\/\\\/secure.gravatar.com\\\/avatar\\\/da8fec8e7a5f535307a99fbc65361b313abfdbf5c273caf65e3974771af09c44?s=96&d=mm&r=pg\",\"url\":\"https:\\\/\\\/secure.gravatar.com\\\/avatar\\\/da8fec8e7a5f535307a99fbc65361b313abfdbf5c273caf65e3974771af09c44?s=96&d=mm&r=pg\",\"contentUrl\":\"https:\\\/\\\/secure.gravatar.com\\\/avatar\\\/da8fec8e7a5f535307a99fbc65361b313abfdbf5c273caf65e3974771af09c44?s=96&d=mm&r=pg\",\"caption\":\"Sofakitty\"},\"logo\":{\"@id\":\"https:\\\/\\\/secure.gravatar.com\\\/avatar\\\/da8fec8e7a5f535307a99fbc65361b313abfdbf5c273caf65e3974771af09c44?s=96&d=mm&r=pg\"}}]}<\/script>\n<!-- \/ Yoast SEO plugin. -->","yoast_head_json":{"title":"Illustrationen - Sofakitty","robots":{"index":"index","follow":"follow","max-snippet":"max-snippet:-1","max-image-preview":"max-image-preview:large","max-video-preview":"max-video-preview:-1"},"canonical":"https:\/\/www.sofakitty.de\/portfolio\/illustrationen\/","og_locale":"de_DE","og_type":"article","og_title":"Illustrationen - Sofakitty","og_description":"Digitale Illustrationen Ich zeichne deine Rollenspielcharaktere, Fursonas, Maskottchen und Fantasyillustrationen. Beispiele Portrait Half Body Full Body Weitere Beispiele meiner Arbeiten findest du in meinem Portfolio Preise Portraits Half Body Full Body Outlines und Ausmalbilder 60\u20ac 70\u20ac 80\u20ac Einfache Farben \/ Schattierung 90\u20ac 120\u20ac 150\u20ac Rendering 120\u20ac 180\u20ac 250\u20ac +50% je zus\u00e4tzlicher Charakter + f\u00fcr komplexe [&hellip;]","og_url":"https:\/\/www.sofakitty.de\/portfolio\/illustrationen\/","og_site_name":"Sofakitty","article_modified_time":"2025-09-03T13:06:34+00:00","og_image":[{"width":1919,"height":2560,"url":"https:\/\/www.sofakitty.de\/wp-content\/uploads\/2025\/09\/Afrikanischer_Werhund-edited-scaled.jpg","type":"image\/jpeg"}],"twitter_card":"summary_large_image","twitter_misc":{"Gesch\u00e4tzte Lesezeit":"4\u00a0Minuten"},"schema":{"@context":"https:\/\/schema.org","@graph":[{"@type":"WebPage","@id":"https:\/\/www.sofakitty.de\/portfolio\/illustrationen\/","url":"https:\/\/www.sofakitty.de\/portfolio\/illustrationen\/","name":"Illustrationen - Sofakitty","isPartOf":{"@id":"https:\/\/www.sofakitty.de\/portfolio\/#website"},"primaryImageOfPage":{"@id":"https:\/\/www.sofakitty.de\/portfolio\/illustrationen\/#primaryimage"},"image":{"@id":"https:\/\/www.sofakitty.de\/portfolio\/illustrationen\/#primaryimage"},"thumbnailUrl":"https:\/\/www.sofakitty.de\/wp-content\/uploads\/2025\/09\/Afrikanischer_Werhund-edited-scaled.jpg","datePublished":"2022-08-19T11:25:03+00:00","dateModified":"2025-09-03T13:06:34+00:00","breadcrumb":{"@id":"https:\/\/www.sofakitty.de\/portfolio\/illustrationen\/#breadcrumb"},"inLanguage":"de","potentialAction":[{"@type":"ReadAction","target":["https:\/\/www.sofakitty.de\/portfolio\/illustrationen\/"]}]},{"@type":"ImageObject","inLanguage":"de","@id":"https:\/\/www.sofakitty.de\/portfolio\/illustrationen\/#primaryimage","url":"https:\/\/www.sofakitty.de\/wp-content\/uploads\/2025\/09\/Afrikanischer_Werhund-edited-scaled.jpg","contentUrl":"https:\/\/www.sofakitty.de\/wp-content\/uploads\/2025\/09\/Afrikanischer_Werhund-edited-scaled.jpg"},{"@type":"BreadcrumbList","@id":"https:\/\/www.sofakitty.de\/portfolio\/illustrationen\/#breadcrumb","itemListElement":[{"@type":"ListItem","position":1,"name":"Startseite","item":"https:\/\/www.sofakitty.de\/portfolio\/"},{"@type":"ListItem","position":2,"name":"Illustrationen"}]},{"@type":"WebSite","@id":"https:\/\/www.sofakitty.de\/portfolio\/#website","url":"https:\/\/www.sofakitty.de\/portfolio\/","name":"Sofakitty Tierportraits","description":"Freelance Illustrator and Animal Artist","publisher":{"@id":"https:\/\/www.sofakitty.de\/portfolio\/#\/schema\/person\/5bd2a0a188a29fdc79d37cb2adaedbe4"},"potentialAction":[{"@type":"SearchAction","target":{"@type":"EntryPoint","urlTemplate":"https:\/\/www.sofakitty.de\/portfolio\/?s={search_term_string}"},"query-input":{"@type":"PropertyValueSpecification","valueRequired":true,"valueName":"search_term_string"}}],"inLanguage":"de"},{"@type":["Person","Organization"],"@id":"https:\/\/www.sofakitty.de\/portfolio\/#\/schema\/person\/5bd2a0a188a29fdc79d37cb2adaedbe4","name":"Sofakitty","image":{"@type":"ImageObject","inLanguage":"de","@id":"https:\/\/secure.gravatar.com\/avatar\/da8fec8e7a5f535307a99fbc65361b313abfdbf5c273caf65e3974771af09c44?s=96&d=mm&r=pg","url":"https:\/\/secure.gravatar.com\/avatar\/da8fec8e7a5f535307a99fbc65361b313abfdbf5c273caf65e3974771af09c44?s=96&d=mm&r=pg","contentUrl":"https:\/\/secure.gravatar.com\/avatar\/da8fec8e7a5f535307a99fbc65361b313abfdbf5c273caf65e3974771af09c44?s=96&d=mm&r=pg","caption":"Sofakitty"},"logo":{"@id":"https:\/\/secure.gravatar.com\/avatar\/da8fec8e7a5f535307a99fbc65361b313abfdbf5c273caf65e3974771af09c44?s=96&d=mm&r=pg"}}]}},"jetpack_sharing_enabled":true,"_links":{"self":[{"href":"https:\/\/www.sofakitty.de\/portfolio\/wp-json\/wp\/v2\/pages\/2804","targetHints":{"allow":["GET"]}}],"collection":[{"href":"https:\/\/www.sofakitty.de\/portfolio\/wp-json\/wp\/v2\/pages"}],"about":[{"href":"https:\/\/www.sofakitty.de\/portfolio\/wp-json\/wp\/v2\/types\/page"}],"author":[{"embeddable":true,"href":"https:\/\/www.sofakitty.de\/portfolio\/wp-json\/wp\/v2\/users\/2"}],"replies":[{"embeddable":true,"href":"https:\/\/www.sofakitty.de\/portfolio\/wp-json\/wp\/v2\/comments?post=2804"}],"version-history":[{"count":18,"href":"https:\/\/www.sofakitty.de\/portfolio\/wp-json\/wp\/v2\/pages\/2804\/revisions"}],"predecessor-version":[{"id":3130,"href":"https:\/\/www.sofakitty.de\/portfolio\/wp-json\/wp\/v2\/pages\/2804\/revisions\/3130"}],"wp:attachment":[{"href":"https:\/\/www.sofakitty.de\/portfolio\/wp-json\/wp\/v2\/media?parent=2804"}],"curies":[{"name":"wp","href":"https:\/\/api.w.org\/{rel}","templated":true}]}}